{"id":4524,"date":"2025-09-29T11:27:26","date_gmt":"2025-09-29T09:27:26","guid":{"rendered":"https:\/\/www.esbelt.com\/informations-juridiques\/"},"modified":"2026-02-16T13:13:03","modified_gmt":"2026-02-16T12:13:03","slug":"informations-juridiques","status":"publish","type":"page","link":"https:\/\/www.esbelt.com\/fr\/informations-juridiques\/","title":{"rendered":"Informations Juridiques"},"content":{"rendered":"\n<p>Conform\u00e9ment \u00e0 l\u2019article 10 de la loi 34\/2002, du 11 juillet, sur les services de la soci\u00e9t\u00e9 de l\u2019information et le commerce \u00e9lectronique, nous vous communiquons par la pr\u00e9sente les donn\u00e9es d\u2019identification de l\u2019entreprise:<\/p>\n\n<p><a href=\"https:\/\/www.esbelt.com\/fr\/\">www.esbelt.com<\/a> appartient \u00e0 Esbelt, S.A.U. (ci-apr\u00e8s esbelt) dont l\u2019adresse est Carrer Proven\u00e7a, 385, 2\u00ba 08025 Barcelona avec NIF A-61557641, soci\u00e9t\u00e9 anonyme inscrite au Registre du Commerce de Barcelone, Volume 31896, Folio 0183, Section G\u00e9n\u00e9rale, Page B-174340.<\/p>\n\n<p>Pour toute question \u00e0 ce sujet, veuillez nous contacter \u00e0 l\u2019adresse <a href=\"mailto:esbelt@esbelt.com\">esbelt@esbelt.com<\/a><\/p>\n\n<h2 class=\"wp-block-heading\">1. Acc\u00e8s au site web<\/h2>\n\n<p>L\u2019utilisateur acc\u00e8de \u00e0 <a href=\"https:\/\/www.esbelt.com\/fr\/\">www.esbelt.com<\/a> sous sa seule responsabilit\u00e9 et sera responsable de l\u2019acc\u00e8s et de l\u2019utilisation correcte du site Web, conform\u00e9ment \u00e0 la l\u00e9gislation en vigueur et avec l\u2019engagement de respecter avec diligence toute instruction suppl\u00e9mentaire qui pourrait \u00eatre donn\u00e9e par <strong>esbelt<\/strong> en ce qui concerne cette utilisation et cet acc\u00e8s.<\/p>\n\n<p><strong>esbelt<\/strong> n\u2019assumera aucune responsabilit\u00e9, directe ou indirecte, d\u00e9riv\u00e9e de la mauvaise utilisation de la page web, des services, des contenus, des liens et des hypertextes inclus dans le site web par l\u2019utilisateur, qui assume dans tous les cas, sous sa responsabilit\u00e9 exclusive, les cons\u00e9quences, dommages ou actions qui pourraient d\u00e9river de son acc\u00e8s ou utilisation de la page web ou des contenus qui y sont h\u00e9berg\u00e9s.<\/p>\n\n<p><a href=\"https:\/\/www.esbelt.com\/fr\/\">www.esbelt.com<\/a> inclut des liens vers d\u2019autres URL \u00e0 titre informatif uniquement, et n\u2019implique pas qu\u2019<strong>esbelt<\/strong> recommande et\/ou garantisse ces sites web, sur lesquels elle n\u2019a aucun contr\u00f4le, ni n\u2019est responsable du contenu de ces derniers.<\/p>\n\n<h2 class=\"wp-block-heading\">2. Exactitude du contenu<\/h2>\n\n<p><strong>esbelt<\/strong> s\u2019efforce d\u2019assurer l\u2019exactitude et l\u2019actualit\u00e9 des informations contenues sur son site Internet, mais ne peut le garantir en permanence.<\/p>\n\n<p>Nous nous r\u00e9servons le droit d\u2019effectuer, \u00e0 tout moment et sans pr\u00e9avis, toute modification ou mise \u00e0 jour du contenu et des services du site web, des pr\u00e9sentes conditions et, en g\u00e9n\u00e9ral, de tous les \u00e9l\u00e9ments qui composent la conception et la configuration du site web.<\/p>\n\n<h2 class=\"wp-block-heading\">3. Propri\u00e9t\u00e9 intellectuelle et industrielle<\/h2>\n\n<p>Tous les contenus affich\u00e9s sur <a href=\"https:\/\/www.esbelt.com\/fr\/\">www.esbelt.com<\/a> et associ\u00e9s appartenant \u00e0 <strong>esbelt<\/strong>, en particulier les dessins, textes, graphiques, logos, ic\u00f4nes, boutons, logiciels, noms commerciaux, marques, dessins, images ou tout autre signe susceptible d\u2019utilisation industrielle et commerciale sont soumis aux droits de propri\u00e9t\u00e9 intellectuelle et industrielle d\u2019<strong>esbelt<\/strong> ou de tiers propri\u00e9taires dont l\u2019utilisation a \u00e9t\u00e9 d\u00fbment obtenue pour l\u2019inclusion sur le site web.<\/p>\n\n<p>En aucun cas, il ne faut comprendre qu\u2019une licence est accord\u00e9e ou qu\u2019une renonciation, un transfert, une cession totale ou partielle de ces droits est effectu\u00e9e, ni qu\u2019un droit ou une attente de droit est conf\u00e9r\u00e9, et en particulier, d\u2019alt\u00e9ration, d\u2019exploitation, de reproduction, de distribution ou de communication publique de ces contenus sans l\u2019autorisation pr\u00e9alable expresse et \u00e9crite d\u2019<strong>esbelt<\/strong> ou des propri\u00e9taires correspondants.<\/p>\n\n<h2 class=\"wp-block-heading\">4. Engagements et responsabilit\u00e9s<\/h2>\n\n<p><strong>esbelt<\/strong> s\u2019engage \u00e0 ne pas faire de publicit\u00e9 mensong\u00e8re. \u00c0 cet effet, les erreurs formelles ou alphanum\u00e9riques qui peuvent se trouver dans le contenu des diff\u00e9rentes sections du site ne seront pas consid\u00e9r\u00e9es comme de la publicit\u00e9 trompeuse. <\/p>\n\n<p><strong>esbelt<\/strong> n\u2019est pas responsable de l\u2019utilisation ill\u00e9gitime que l\u2019utilisateur non autoris\u00e9 peut faire des noms de marques, noms de produits, marques d\u00e9pos\u00e9es qui, n\u2019\u00e9tant pas la propri\u00e9t\u00e9 d\u2019esbelt, apparaissent sur son site web. <strong>esbelt<\/strong> n\u2019est pas responsable de l\u2019int\u00e9grit\u00e9, de la v\u00e9racit\u00e9 et de la l\u00e9galit\u00e9 du contenu des liens vers les sites web accessibles depuis <a href=\"https:\/\/www.esbelt.com\/fr\/\">www.esbelt.com<\/a> <\/p>\n\n<p><strong>esbelt<\/strong> s\u2019engage \u00e0 ne pas envoyer de communications publicitaires ou promotionnelles par courrier \u00e9lectronique ou par d\u2019autres moyens \u00e9quivalents de communication \u00e9lectronique sans les identifier comme des communications commerciales et \u00e0 moins qu\u2019elles n\u2019aient \u00e9t\u00e9 pr\u00e9alablement demand\u00e9es ou auto-enregistr\u00e9es par les destinataires de celles-ci, conform\u00e9ment aux dispositions de la r\u00e9glementation en vigueur.<\/p>\n","protected":false},"excerpt":{"rendered":"<p>Conform\u00e9ment \u00e0 l\u2019article 10 de la loi 34\/2002, du 11 juillet, sur les services de la soci\u00e9t\u00e9 de l\u2019information et le commerce \u00e9lectronique, nous vous communiquons par la pr\u00e9sente les donn\u00e9es d\u2019identification de l\u2019entreprise: www.esbelt.com appartient \u00e0 Esbelt, S.A.U. (ci-apr\u00e8s esbelt) dont l\u2019adresse est Carrer Proven\u00e7a, 385, 2\u00ba 08025 Barcelona avec NIF A-61557641, soci\u00e9t\u00e9 anonyme [&hellip;]<\/p>\n","protected":false},"author":1,"featured_media":0,"parent":0,"menu_order":16,"comment_status":"closed","ping_status":"closed","template":"","meta":{"_acf_changed":false,"inline_featured_image":false,"footnotes":""},"class_list":["post-4524","page","type-page","status-publish","hentry"],"acf":[],"yoast_head":"<!-- This site is optimized with the Yoast SEO plugin v27.0 - https:\/\/yoast.com\/product\/yoast-seo-wordpress\/ -->\n<title>Informations Juridiques - esbelt<\/title>\n<meta name=\"robots\" content=\"index, follow, max-snippet:-1, max-image-preview:large, max-video-preview:-1\" \/>\n<link rel=\"canonical\" href=\"https:\/\/www.esbelt.com\/fr\/informations-juridiques\/\" \/>\n<meta property=\"og:locale\" content=\"fr_FR\" \/>\n<meta property=\"og:type\" content=\"article\" \/>\n<meta property=\"og:title\" content=\"Informations Juridiques - esbelt\" \/>\n<meta property=\"og:description\" content=\"Conform\u00e9ment \u00e0 l\u2019article 10 de la loi 34\/2002, du 11 juillet, sur les services de la soci\u00e9t\u00e9 de l\u2019information et le commerce \u00e9lectronique, nous vous communiquons par la pr\u00e9sente les donn\u00e9es d\u2019identification de l\u2019entreprise: www.esbelt.com appartient \u00e0 Esbelt, S.A.U. (ci-apr\u00e8s esbelt) dont l\u2019adresse est Carrer Proven\u00e7a, 385, 2\u00ba 08025 Barcelona avec NIF A-61557641, soci\u00e9t\u00e9 anonyme [&hellip;]\" \/>\n<meta property=\"og:url\" content=\"https:\/\/www.esbelt.com\/fr\/informations-juridiques\/\" \/>\n<meta property=\"og:site_name\" content=\"esbelt\" \/>\n<meta property=\"article:modified_time\" content=\"2026-02-16T12:13:03+00:00\" \/>\n<meta name=\"twitter:card\" content=\"summary_large_image\" \/>\n<meta name=\"twitter:label1\" content=\"Dur\u00e9e de lecture estim\u00e9e\" \/>\n\t<meta name=\"twitter:data1\" content=\"3 minutes\" \/>\n<script type=\"application\/ld+json\" class=\"yoast-schema-graph\">{\"@context\":\"https:\/\/schema.org\",\"@graph\":[{\"@type\":\"WebPage\",\"@id\":\"https:\/\/www.esbelt.com\/fr\/informations-juridiques\/\",\"url\":\"https:\/\/www.esbelt.com\/fr\/informations-juridiques\/\",\"name\":\"Informations Juridiques - esbelt\",\"isPartOf\":{\"@id\":\"https:\/\/www.esbelt.com\/fr\/#website\"},\"datePublished\":\"2025-09-29T09:27:26+00:00\",\"dateModified\":\"2026-02-16T12:13:03+00:00\",\"breadcrumb\":{\"@id\":\"https:\/\/www.esbelt.com\/fr\/informations-juridiques\/#breadcrumb\"},\"inLanguage\":\"fr-FR\",\"potentialAction\":[{\"@type\":\"ReadAction\",\"target\":[\"https:\/\/www.esbelt.com\/fr\/informations-juridiques\/\"]}]},{\"@type\":\"BreadcrumbList\",\"@id\":\"https:\/\/www.esbelt.com\/fr\/informations-juridiques\/#breadcrumb\",\"itemListElement\":[{\"@type\":\"ListItem\",\"position\":1,\"name\":\"Premi\u00e8re\",\"item\":\"https:\/\/www.esbelt.com\/fr\/\"},{\"@type\":\"ListItem\",\"position\":2,\"name\":\"Informations Juridiques\"}]},{\"@type\":\"WebSite\",\"@id\":\"https:\/\/www.esbelt.com\/fr\/#website\",\"url\":\"https:\/\/www.esbelt.com\/fr\/\",\"name\":\"esbelt\",\"description\":\"Somos fabricantes de bandas transportadoras, perfiles, correas para aplicaciones alimentarias, industriales y agr\u00edcolas.\",\"publisher\":{\"@id\":\"https:\/\/www.esbelt.com\/fr\/#organization\"},\"potentialAction\":[{\"@type\":\"SearchAction\",\"target\":{\"@type\":\"EntryPoint\",\"urlTemplate\":\"https:\/\/www.esbelt.com\/fr\/?s={search_term_string}\"},\"query-input\":{\"@type\":\"PropertyValueSpecification\",\"valueRequired\":true,\"valueName\":\"search_term_string\"}}],\"inLanguage\":\"fr-FR\"},{\"@type\":\"Organization\",\"@id\":\"https:\/\/www.esbelt.com\/fr\/#organization\",\"name\":\"esbelt\",\"url\":\"https:\/\/www.esbelt.com\/fr\/\",\"logo\":{\"@type\":\"ImageObject\",\"inLanguage\":\"fr-FR\",\"@id\":\"https:\/\/www.esbelt.com\/fr\/#\/schema\/logo\/image\/\",\"url\":\"https:\/\/www.esbelt.com\/wp-content\/uploads\/2025\/08\/esbelt.svg\",\"contentUrl\":\"https:\/\/www.esbelt.com\/wp-content\/uploads\/2025\/08\/esbelt.svg\",\"width\":123,\"height\":33,\"caption\":\"esbelt\"},\"image\":{\"@id\":\"https:\/\/www.esbelt.com\/fr\/#\/schema\/logo\/image\/\"}}]}<\/script>\n<!-- \/ Yoast SEO plugin. -->","yoast_head_json":{"title":"Informations Juridiques - esbelt","robots":{"index":"index","follow":"follow","max-snippet":"max-snippet:-1","max-image-preview":"max-image-preview:large","max-video-preview":"max-video-preview:-1"},"canonical":"https:\/\/www.esbelt.com\/fr\/informations-juridiques\/","og_locale":"fr_FR","og_type":"article","og_title":"Informations Juridiques - esbelt","og_description":"Conform\u00e9ment \u00e0 l\u2019article 10 de la loi 34\/2002, du 11 juillet, sur les services de la soci\u00e9t\u00e9 de l\u2019information et le commerce \u00e9lectronique, nous vous communiquons par la pr\u00e9sente les donn\u00e9es d\u2019identification de l\u2019entreprise: www.esbelt.com appartient \u00e0 Esbelt, S.A.U. (ci-apr\u00e8s esbelt) dont l\u2019adresse est Carrer Proven\u00e7a, 385, 2\u00ba 08025 Barcelona avec NIF A-61557641, soci\u00e9t\u00e9 anonyme [&hellip;]","og_url":"https:\/\/www.esbelt.com\/fr\/informations-juridiques\/","og_site_name":"esbelt","article_modified_time":"2026-02-16T12:13:03+00:00","twitter_card":"summary_large_image","twitter_misc":{"Dur\u00e9e de lecture estim\u00e9e":"3 minutes"},"schema":{"@context":"https:\/\/schema.org","@graph":[{"@type":"WebPage","@id":"https:\/\/www.esbelt.com\/fr\/informations-juridiques\/","url":"https:\/\/www.esbelt.com\/fr\/informations-juridiques\/","name":"Informations Juridiques - esbelt","isPartOf":{"@id":"https:\/\/www.esbelt.com\/fr\/#website"},"datePublished":"2025-09-29T09:27:26+00:00","dateModified":"2026-02-16T12:13:03+00:00","breadcrumb":{"@id":"https:\/\/www.esbelt.com\/fr\/informations-juridiques\/#breadcrumb"},"inLanguage":"fr-FR","potentialAction":[{"@type":"ReadAction","target":["https:\/\/www.esbelt.com\/fr\/informations-juridiques\/"]}]},{"@type":"BreadcrumbList","@id":"https:\/\/www.esbelt.com\/fr\/informations-juridiques\/#breadcrumb","itemListElement":[{"@type":"ListItem","position":1,"name":"Premi\u00e8re","item":"https:\/\/www.esbelt.com\/fr\/"},{"@type":"ListItem","position":2,"name":"Informations Juridiques"}]},{"@type":"WebSite","@id":"https:\/\/www.esbelt.com\/fr\/#website","url":"https:\/\/www.esbelt.com\/fr\/","name":"esbelt","description":"Somos fabricantes de bandas transportadoras, perfiles, correas para aplicaciones alimentarias, industriales y agr\u00edcolas.","publisher":{"@id":"https:\/\/www.esbelt.com\/fr\/#organization"},"potentialAction":[{"@type":"SearchAction","target":{"@type":"EntryPoint","urlTemplate":"https:\/\/www.esbelt.com\/fr\/?s={search_term_string}"},"query-input":{"@type":"PropertyValueSpecification","valueRequired":true,"valueName":"search_term_string"}}],"inLanguage":"fr-FR"},{"@type":"Organization","@id":"https:\/\/www.esbelt.com\/fr\/#organization","name":"esbelt","url":"https:\/\/www.esbelt.com\/fr\/","logo":{"@type":"ImageObject","inLanguage":"fr-FR","@id":"https:\/\/www.esbelt.com\/fr\/#\/schema\/logo\/image\/","url":"https:\/\/www.esbelt.com\/wp-content\/uploads\/2025\/08\/esbelt.svg","contentUrl":"https:\/\/www.esbelt.com\/wp-content\/uploads\/2025\/08\/esbelt.svg","width":123,"height":33,"caption":"esbelt"},"image":{"@id":"https:\/\/www.esbelt.com\/fr\/#\/schema\/logo\/image\/"}}]}},"_links":{"self":[{"href":"https:\/\/www.esbelt.com\/fr\/wp-json\/wp\/v2\/pages\/4524","targetHints":{"allow":["GET"]}}],"collection":[{"href":"https:\/\/www.esbelt.com\/fr\/wp-json\/wp\/v2\/pages"}],"about":[{"href":"https:\/\/www.esbelt.com\/fr\/wp-json\/wp\/v2\/types\/page"}],"author":[{"embeddable":true,"href":"https:\/\/www.esbelt.com\/fr\/wp-json\/wp\/v2\/users\/1"}],"replies":[{"embeddable":true,"href":"https:\/\/www.esbelt.com\/fr\/wp-json\/wp\/v2\/comments?post=4524"}],"version-history":[{"count":1,"href":"https:\/\/www.esbelt.com\/fr\/wp-json\/wp\/v2\/pages\/4524\/revisions"}],"predecessor-version":[{"id":4525,"href":"https:\/\/www.esbelt.com\/fr\/wp-json\/wp\/v2\/pages\/4524\/revisions\/4525"}],"wp:attachment":[{"href":"https:\/\/www.esbelt.com\/fr\/wp-json\/wp\/v2\/media?parent=4524"}],"curies":[{"name":"wp","href":"https:\/\/api.w.org\/{rel}","templated":true}]}}