{"id":4518,"date":"2025-09-29T11:39:44","date_gmt":"2025-09-29T09:39:44","guid":{"rendered":"https:\/\/www.esbelt.com\/politique-de-qualite\/"},"modified":"2026-02-16T13:13:02","modified_gmt":"2026-02-16T12:13:02","slug":"politique-de-qualite","status":"publish","type":"page","link":"https:\/\/www.esbelt.com\/fr\/politique-de-qualite\/","title":{"rendered":"Politique de qualit\u00e9"},"content":{"rendered":"\n<p>Dans le cadre de la croissance soutenue que conna\u00eet l&rsquo;entreprise et dans le but de continuer \u00e0 fournir un bon service en termes de qualit\u00e9, de prix et de d\u00e9lai de livraison, esbelt entre \u00e0 partir de 2025 dans une phase d&rsquo;expansion industrielle. La premi\u00e8re phase du projet sera r\u00e9alis\u00e9e cette ann\u00e9e avec la construction d&rsquo;un nouveau b\u00e2timent destin\u00e9 \u00e0 agrandir les installations de l&rsquo;atelier. Parall\u00e8lement \u00e0 la construction du b\u00e2timent, des investissements en machines sont associ\u00e9s afin d&rsquo;\u00e9largir la typologie des travaux \u00e0 offrir au client.  <\/p>\n\n<p>Dans le contexte concurrentiel et g\u00e9opolitique mondial, compte tenu de l&rsquo;exigence croissante de limiter l&rsquo;utilisation de plastiques non r\u00e9utilisables, il est n\u00e9cessaire de renforcer les efficacit\u00e9s, ainsi que de mettre l&rsquo;accent sur le contr\u00f4le et la r\u00e9duction des impacts environnementaux.<\/p>\n\n<p>Les possibilit\u00e9s offertes par l&rsquo;analyse des donn\u00e9es et les d\u00e9veloppements en intelligence artificielle peuvent actuellement permettre une gestion plus intelligente, rapide et efficace d&rsquo;une multitude de processus.<\/p>\n\n<p>Enfin, l&rsquo;existence pour les clients de multiples options, dans un environnement o\u00f9 notre principale concurrence est celle de multinationales significativement plus grandes et disposant de ressources plus importantes, nous oblige \u00e0 un effort pour tenter de lancer de nouveaux produits, d&rsquo;\u00e9largir la base et le profil de notre client\u00e8le et d&rsquo;am\u00e9liorer continuellement son exp\u00e9rience d&rsquo;achat.<\/p>\n\n<p>Dans un tel contexte, la politique de qualit\u00e9 d&rsquo;esbelt renouvelle l&rsquo;engagement permanent de respecter toutes les r\u00e9glementations applicables \u00e0 notre activit\u00e9, ainsi que celui d&rsquo;am\u00e9lioration continue du syst\u00e8me de gestion de la qualit\u00e9, en se concentrant sur les objectifs suivants :<\/p>\n\n<ol class=\"wp-block-list\">\n<li>Augmenter notre capacit\u00e9 industrielle.<\/li>\n\n\n\n<li>Am\u00e9liorations environnementales, de processus et r\u00e9duction des co\u00fbts.<\/li>\n\n\n\n<li>Collecte de donn\u00e9es, standardisation et num\u00e9risation des processus.<\/li>\n\n\n\n<li>\u00c9largir l&rsquo;offre de produits et faciliter les transactions des clients.<\/li>\n<\/ol>\n","protected":false},"excerpt":{"rendered":"<p>Dans le cadre de la croissance soutenue que conna\u00eet l&rsquo;entreprise et dans le but de continuer \u00e0 fournir un bon service en termes de qualit\u00e9, de prix et de d\u00e9lai de livraison, esbelt entre \u00e0 partir de 2025 dans une phase d&rsquo;expansion industrielle. La premi\u00e8re phase du projet sera r\u00e9alis\u00e9e cette ann\u00e9e avec la construction [&hellip;]<\/p>\n","protected":false},"author":1,"featured_media":0,"parent":0,"menu_order":8,"comment_status":"closed","ping_status":"closed","template":"","meta":{"_acf_changed":false,"inline_featured_image":false,"footnotes":""},"class_list":["post-4518","page","type-page","status-publish","hentry"],"acf":[],"yoast_head":"<!-- This site is optimized with the Yoast SEO plugin v27.0 - https:\/\/yoast.com\/product\/yoast-seo-wordpress\/ -->\n<title>Politique de qualit\u00e9 - esbelt<\/title>\n<meta name=\"robots\" content=\"index, follow, max-snippet:-1, max-image-preview:large, max-video-preview:-1\" \/>\n<link rel=\"canonical\" href=\"https:\/\/www.esbelt.com\/fr\/politique-de-qualite\/\" \/>\n<meta property=\"og:locale\" content=\"fr_FR\" \/>\n<meta property=\"og:type\" content=\"article\" \/>\n<meta property=\"og:title\" content=\"Politique de qualit\u00e9 - esbelt\" \/>\n<meta property=\"og:description\" content=\"Dans le cadre de la croissance soutenue que conna\u00eet l&rsquo;entreprise et dans le but de continuer \u00e0 fournir un bon service en termes de qualit\u00e9, de prix et de d\u00e9lai de livraison, esbelt entre \u00e0 partir de 2025 dans une phase d&rsquo;expansion industrielle. La premi\u00e8re phase du projet sera r\u00e9alis\u00e9e cette ann\u00e9e avec la construction [&hellip;]\" \/>\n<meta property=\"og:url\" content=\"https:\/\/www.esbelt.com\/fr\/politique-de-qualite\/\" \/>\n<meta property=\"og:site_name\" content=\"esbelt\" \/>\n<meta property=\"article:modified_time\" content=\"2026-02-16T12:13:02+00:00\" \/>\n<meta name=\"twitter:card\" content=\"summary_large_image\" \/>\n<meta name=\"twitter:label1\" content=\"Dur\u00e9e de lecture estim\u00e9e\" \/>\n\t<meta name=\"twitter:data1\" content=\"2 minutes\" \/>\n<script type=\"application\/ld+json\" class=\"yoast-schema-graph\">{\"@context\":\"https:\/\/schema.org\",\"@graph\":[{\"@type\":\"WebPage\",\"@id\":\"https:\/\/www.esbelt.com\/fr\/politique-de-qualite\/\",\"url\":\"https:\/\/www.esbelt.com\/fr\/politique-de-qualite\/\",\"name\":\"Politique de qualit\u00e9 - esbelt\",\"isPartOf\":{\"@id\":\"https:\/\/www.esbelt.com\/fr\/#website\"},\"datePublished\":\"2025-09-29T09:39:44+00:00\",\"dateModified\":\"2026-02-16T12:13:02+00:00\",\"breadcrumb\":{\"@id\":\"https:\/\/www.esbelt.com\/fr\/politique-de-qualite\/#breadcrumb\"},\"inLanguage\":\"fr-FR\",\"potentialAction\":[{\"@type\":\"ReadAction\",\"target\":[\"https:\/\/www.esbelt.com\/fr\/politique-de-qualite\/\"]}]},{\"@type\":\"BreadcrumbList\",\"@id\":\"https:\/\/www.esbelt.com\/fr\/politique-de-qualite\/#breadcrumb\",\"itemListElement\":[{\"@type\":\"ListItem\",\"position\":1,\"name\":\"Premi\u00e8re\",\"item\":\"https:\/\/www.esbelt.com\/fr\/\"},{\"@type\":\"ListItem\",\"position\":2,\"name\":\"Politique de qualit\u00e9\"}]},{\"@type\":\"WebSite\",\"@id\":\"https:\/\/www.esbelt.com\/fr\/#website\",\"url\":\"https:\/\/www.esbelt.com\/fr\/\",\"name\":\"esbelt\",\"description\":\"Somos fabricantes de bandas transportadoras, perfiles, correas para aplicaciones alimentarias, industriales y agr\u00edcolas.\",\"publisher\":{\"@id\":\"https:\/\/www.esbelt.com\/fr\/#organization\"},\"potentialAction\":[{\"@type\":\"SearchAction\",\"target\":{\"@type\":\"EntryPoint\",\"urlTemplate\":\"https:\/\/www.esbelt.com\/fr\/?s={search_term_string}\"},\"query-input\":{\"@type\":\"PropertyValueSpecification\",\"valueRequired\":true,\"valueName\":\"search_term_string\"}}],\"inLanguage\":\"fr-FR\"},{\"@type\":\"Organization\",\"@id\":\"https:\/\/www.esbelt.com\/fr\/#organization\",\"name\":\"esbelt\",\"url\":\"https:\/\/www.esbelt.com\/fr\/\",\"logo\":{\"@type\":\"ImageObject\",\"inLanguage\":\"fr-FR\",\"@id\":\"https:\/\/www.esbelt.com\/fr\/#\/schema\/logo\/image\/\",\"url\":\"https:\/\/www.esbelt.com\/wp-content\/uploads\/2025\/08\/esbelt.svg\",\"contentUrl\":\"https:\/\/www.esbelt.com\/wp-content\/uploads\/2025\/08\/esbelt.svg\",\"width\":123,\"height\":33,\"caption\":\"esbelt\"},\"image\":{\"@id\":\"https:\/\/www.esbelt.com\/fr\/#\/schema\/logo\/image\/\"}}]}<\/script>\n<!-- \/ Yoast SEO plugin. -->","yoast_head_json":{"title":"Politique de qualit\u00e9 - esbelt","robots":{"index":"index","follow":"follow","max-snippet":"max-snippet:-1","max-image-preview":"max-image-preview:large","max-video-preview":"max-video-preview:-1"},"canonical":"https:\/\/www.esbelt.com\/fr\/politique-de-qualite\/","og_locale":"fr_FR","og_type":"article","og_title":"Politique de qualit\u00e9 - esbelt","og_description":"Dans le cadre de la croissance soutenue que conna\u00eet l&rsquo;entreprise et dans le but de continuer \u00e0 fournir un bon service en termes de qualit\u00e9, de prix et de d\u00e9lai de livraison, esbelt entre \u00e0 partir de 2025 dans une phase d&rsquo;expansion industrielle. La premi\u00e8re phase du projet sera r\u00e9alis\u00e9e cette ann\u00e9e avec la construction [&hellip;]","og_url":"https:\/\/www.esbelt.com\/fr\/politique-de-qualite\/","og_site_name":"esbelt","article_modified_time":"2026-02-16T12:13:02+00:00","twitter_card":"summary_large_image","twitter_misc":{"Dur\u00e9e de lecture estim\u00e9e":"2 minutes"},"schema":{"@context":"https:\/\/schema.org","@graph":[{"@type":"WebPage","@id":"https:\/\/www.esbelt.com\/fr\/politique-de-qualite\/","url":"https:\/\/www.esbelt.com\/fr\/politique-de-qualite\/","name":"Politique de qualit\u00e9 - esbelt","isPartOf":{"@id":"https:\/\/www.esbelt.com\/fr\/#website"},"datePublished":"2025-09-29T09:39:44+00:00","dateModified":"2026-02-16T12:13:02+00:00","breadcrumb":{"@id":"https:\/\/www.esbelt.com\/fr\/politique-de-qualite\/#breadcrumb"},"inLanguage":"fr-FR","potentialAction":[{"@type":"ReadAction","target":["https:\/\/www.esbelt.com\/fr\/politique-de-qualite\/"]}]},{"@type":"BreadcrumbList","@id":"https:\/\/www.esbelt.com\/fr\/politique-de-qualite\/#breadcrumb","itemListElement":[{"@type":"ListItem","position":1,"name":"Premi\u00e8re","item":"https:\/\/www.esbelt.com\/fr\/"},{"@type":"ListItem","position":2,"name":"Politique de qualit\u00e9"}]},{"@type":"WebSite","@id":"https:\/\/www.esbelt.com\/fr\/#website","url":"https:\/\/www.esbelt.com\/fr\/","name":"esbelt","description":"Somos fabricantes de bandas transportadoras, perfiles, correas para aplicaciones alimentarias, industriales y agr\u00edcolas.","publisher":{"@id":"https:\/\/www.esbelt.com\/fr\/#organization"},"potentialAction":[{"@type":"SearchAction","target":{"@type":"EntryPoint","urlTemplate":"https:\/\/www.esbelt.com\/fr\/?s={search_term_string}"},"query-input":{"@type":"PropertyValueSpecification","valueRequired":true,"valueName":"search_term_string"}}],"inLanguage":"fr-FR"},{"@type":"Organization","@id":"https:\/\/www.esbelt.com\/fr\/#organization","name":"esbelt","url":"https:\/\/www.esbelt.com\/fr\/","logo":{"@type":"ImageObject","inLanguage":"fr-FR","@id":"https:\/\/www.esbelt.com\/fr\/#\/schema\/logo\/image\/","url":"https:\/\/www.esbelt.com\/wp-content\/uploads\/2025\/08\/esbelt.svg","contentUrl":"https:\/\/www.esbelt.com\/wp-content\/uploads\/2025\/08\/esbelt.svg","width":123,"height":33,"caption":"esbelt"},"image":{"@id":"https:\/\/www.esbelt.com\/fr\/#\/schema\/logo\/image\/"}}]}},"_links":{"self":[{"href":"https:\/\/www.esbelt.com\/fr\/wp-json\/wp\/v2\/pages\/4518","targetHints":{"allow":["GET"]}}],"collection":[{"href":"https:\/\/www.esbelt.com\/fr\/wp-json\/wp\/v2\/pages"}],"about":[{"href":"https:\/\/www.esbelt.com\/fr\/wp-json\/wp\/v2\/types\/page"}],"author":[{"embeddable":true,"href":"https:\/\/www.esbelt.com\/fr\/wp-json\/wp\/v2\/users\/1"}],"replies":[{"embeddable":true,"href":"https:\/\/www.esbelt.com\/fr\/wp-json\/wp\/v2\/comments?post=4518"}],"version-history":[{"count":1,"href":"https:\/\/www.esbelt.com\/fr\/wp-json\/wp\/v2\/pages\/4518\/revisions"}],"predecessor-version":[{"id":4519,"href":"https:\/\/www.esbelt.com\/fr\/wp-json\/wp\/v2\/pages\/4518\/revisions\/4519"}],"wp:attachment":[{"href":"https:\/\/www.esbelt.com\/fr\/wp-json\/wp\/v2\/media?parent=4518"}],"curies":[{"name":"wp","href":"https:\/\/api.w.org\/{rel}","templated":true}]}}