{"id":5462,"date":"2025-09-29T11:27:26","date_gmt":"2025-09-29T09:27:26","guid":{"rendered":"https:\/\/www.esbelt.com\/impressum\/"},"modified":"2026-02-16T13:13:03","modified_gmt":"2026-02-16T12:13:03","slug":"impressum","status":"publish","type":"page","link":"https:\/\/www.esbelt.com\/de\/impressum\/","title":{"rendered":"Impressum"},"content":{"rendered":"\n<p>Gem\u00e4\u00df Artikel 10 des Gesetzes 34\/2002 vom 11. Juli \u00fcber die Dienste der Informationsgesellschaft und den elektronischen Handel informieren wir Sie hiermit \u00fcber die Identifikationsdaten des Unternehmens:<\/p>\n\n<p><a href=\"https:\/\/www.esbelt.com\/de\/\">www.esbelt.com<\/a> geh\u00f6rt zu Esbelt, S.A.U. (im Folgenden <strong>esbelt<\/strong>) mit der Adresse Carrer Proven\u00e7a, 385, 2\u00ba 08025 Barcelona mit der NIF A-61557641, eine Aktiengesellschaft, eingetragen im Handelsregister von Barcelona, Band 31896, Folio 0183, Allgemeiner Teil, Seite B-174340.<\/p>\n\n<p>Bei Fragen zu diesem Thema wenden Sie sich bitte an <a href=\"mailto:esbelt@esbelt.com\">esbelt@esbelt.com<\/a><\/p>\n\n<h2 class=\"wp-block-heading\">1. Zugang zur website<\/h2>\n\n<p>Der Nutzer greift auf <a href=\"https:\/\/www.esbelt.com\/de\/\">www.esbelt.com<\/a> unter seiner alleinigen Verantwortung zu und ist f\u00fcr den Zugang und die korrekte Nutzung der Website unter Beachtung der geltenden Gesetzgebung und mit der Verpflichtung, alle zus\u00e4tzlichen Anweisungen, die in Bezug auf diese Nutzung und den Zugang von <strong>esbelt<\/strong> gegeben werden k\u00f6nnten, gewissenhaft zu befolgen, verantwortlich.<\/p>\n\n<p><strong>esbelt<\/strong> \u00fcbernimmt keine direkte oder indirekte Verantwortung f\u00fcr den Missbrauch der Webseite, der Dienstleistungen, der Inhalte, der Links und der Hypertexte, die auf der Webseite enthalten sind, durch den Benutzer, der in jedem Fall unter seiner ausschlie\u00dflichen Verantwortung die Folgen, Sch\u00e4den oder Handlungen \u00fcbernimmt, die sich aus seinem Zugang oder seiner Nutzung der Webseite oder der darin enthaltenen Inhalte ergeben k\u00f6nnten.<\/p>\n\n<p><a href=\"https:\/\/www.esbelt.com\/de\/\">www.esbelt.com<\/a> enth\u00e4lt Links zu anderen URLs nur zu Informationszwecken und impliziert nicht, dass <strong>esbelt<\/strong> diese Websites empfiehlt und\/oder garantiert, \u00fcber die esbelt keine Kontrolle hat und f\u00fcr deren Inhalt es nicht verantwortlich ist.<\/p>\n\n<h2 class=\"wp-block-heading\">2. Richtigkeit des inhalts<\/h2>\n\n<p><strong>esbelt<\/strong> bem\u00fcht sich um die Richtigkeit und Aktualit\u00e4t der Informationen auf seiner Website, kann dies jedoch nicht dauerhaft garantieren.<\/p>\n\n<p>esbelt beh\u00e4lt sich das Recht vor, jederzeit und ohne Vorank\u00fcndigung \u00c4nderungen oder Aktualisierungen an den Inhalten und Dienstleistungen der Website, an den vorliegenden Bedingungen und allgemein an allen Elementen vorzunehmen, die das Design und die Konfiguration der Website ausmachen.<\/p>\n\n<h2 class=\"wp-block-heading\">3. Geistiges und gewerbliches eigentum<\/h2>\n\n<p>Alle auf <a href=\"https:\/\/www.esbelt.com\/de\/\">www.esbelt.com<\/a> dargestellten und zu <strong>esbelt<\/strong> geh\u00f6renden Inhalte, insbesondere Designs, Texte, Grafiken, Logos, Icons, Buttons, Schaltfl\u00e4chen, Software, Handelsnamen, Marken, Zeichnungen, Bilder oder sonstige Zeichen, die f\u00fcr eine gewerbliche Nutzung geeignet sind, unterliegen den geistigen und gewerblichen Eigentumsrechten von <strong>esbelt<\/strong> oder Dritten, deren Nutzung f\u00fcr die Aufnahme in die Website ordnungsgem\u00e4\u00df eingeholt wurde.<\/p>\n\n<p>Unter keinen Umst\u00e4nden wird eine Lizenz erteilt oder ein Verzicht, eine \u00dcbertragung, eine vollst\u00e4ndige oder teilweise Abtretung dieser Rechte vorgenommen, noch wird ein Recht oder eine Rechtserwartung einger\u00e4umt, insbesondere keine \u00c4nderung, Verwertung, Vervielf\u00e4ltigung, Verbreitung oder \u00f6ffentliche Wiedergabe dieser Inhalte ohne vorherige ausdr\u00fcckliche schriftliche Genehmigung von <strong>esbelt<\/strong> oder der entsprechenden Inhaber.<\/p>\n\n<h2 class=\"wp-block-heading\">4. Verpflichtungen und verantwortlichkeiten<\/h2>\n\n<p><strong>esbelt<\/strong> verpflichtet sich, keine irref\u00fchrende Werbung zu machen. Zu diesem Zweck werden formale oder alphanumerische Fehler, die in den verschiedenen Bereichen der Website auftreten k\u00f6nnen, nicht als irref\u00fchrende Werbung angesehen.  <\/p>\n\n<p><strong>esbelt<\/strong> ist nicht verantwortlich f\u00fcr die unrechtm\u00e4\u00dfige Verwendung von Markennamen, Produktnamen und Warenzeichen, die nicht Eigentum von <strong>esbelt<\/strong> sind und auf der Website erscheinen. esbelt ist nicht verantwortlich f\u00fcr die Integrit\u00e4t, Wahrhaftigkeit und Rechtm\u00e4\u00dfigkeit des Inhalts der Links zu den Websites, auf die von <a href=\"https:\/\/www.esbelt.com\/de\/\">www.esbelt.com<\/a> aus zugegriffen werden kann.  <\/p>\n\n<p><strong>esbelt<\/strong> verpflichtet sich, keine Werbe- oder verkaufsf\u00f6rdernden Mitteilungen per E-Mail oder andere gleichwertige elektronische Kommunikationsmittel zu versenden, ohne sie als kommerzielle Mitteilungen zu kennzeichnen und sofern sie nicht zuvor von den Empf\u00e4ngern gem\u00e4\u00df den geltenden Vorschriften angefordert oder selbst registriert wurden.<\/p>\n","protected":false},"excerpt":{"rendered":"<p>Gem\u00e4\u00df Artikel 10 des Gesetzes 34\/2002 vom 11. Juli \u00fcber die Dienste der Informationsgesellschaft und den elektronischen Handel informieren wir Sie hiermit \u00fcber die Identifikationsdaten des Unternehmens: www.esbelt.com geh\u00f6rt zu Esbelt, S.A.U. (im Folgenden esbelt) mit der Adresse Carrer Proven\u00e7a, 385, 2\u00ba 08025 Barcelona mit der NIF A-61557641, eine Aktiengesellschaft, eingetragen im Handelsregister von Barcelona, [&hellip;]<\/p>\n","protected":false},"author":1,"featured_media":0,"parent":0,"menu_order":13,"comment_status":"closed","ping_status":"closed","template":"","meta":{"_acf_changed":false,"inline_featured_image":false,"footnotes":""},"class_list":["post-5462","page","type-page","status-publish","hentry"],"acf":[],"yoast_head":"<!-- This site is optimized with the Yoast SEO plugin v27.0 - https:\/\/yoast.com\/product\/yoast-seo-wordpress\/ -->\n<title>Impressum - esbelt<\/title>\n<meta name=\"robots\" content=\"index, follow, max-snippet:-1, max-image-preview:large, max-video-preview:-1\" \/>\n<link rel=\"canonical\" href=\"https:\/\/www.esbelt.com\/de\/impressum\/\" \/>\n<meta property=\"og:locale\" content=\"de_DE\" \/>\n<meta property=\"og:type\" content=\"article\" \/>\n<meta property=\"og:title\" content=\"Impressum - esbelt\" \/>\n<meta property=\"og:description\" content=\"Gem\u00e4\u00df Artikel 10 des Gesetzes 34\/2002 vom 11. Juli \u00fcber die Dienste der Informationsgesellschaft und den elektronischen Handel informieren wir Sie hiermit \u00fcber die Identifikationsdaten des Unternehmens: www.esbelt.com geh\u00f6rt zu Esbelt, S.A.U. (im Folgenden esbelt) mit der Adresse Carrer Proven\u00e7a, 385, 2\u00ba 08025 Barcelona mit der NIF A-61557641, eine Aktiengesellschaft, eingetragen im Handelsregister von Barcelona, [&hellip;]\" \/>\n<meta property=\"og:url\" content=\"https:\/\/www.esbelt.com\/de\/impressum\/\" \/>\n<meta property=\"og:site_name\" content=\"esbelt\" \/>\n<meta property=\"article:modified_time\" content=\"2026-02-16T12:13:03+00:00\" \/>\n<meta name=\"twitter:card\" content=\"summary_large_image\" \/>\n<meta name=\"twitter:label1\" content=\"Gesch\u00e4tzte Lesezeit\" \/>\n\t<meta name=\"twitter:data1\" content=\"3\u00a0Minuten\" \/>\n<script type=\"application\/ld+json\" class=\"yoast-schema-graph\">{\"@context\":\"https:\/\/schema.org\",\"@graph\":[{\"@type\":\"WebPage\",\"@id\":\"https:\/\/www.esbelt.com\/de\/impressum\/\",\"url\":\"https:\/\/www.esbelt.com\/de\/impressum\/\",\"name\":\"Impressum - esbelt\",\"isPartOf\":{\"@id\":\"https:\/\/www.esbelt.com\/de\/#website\"},\"datePublished\":\"2025-09-29T09:27:26+00:00\",\"dateModified\":\"2026-02-16T12:13:03+00:00\",\"breadcrumb\":{\"@id\":\"https:\/\/www.esbelt.com\/de\/impressum\/#breadcrumb\"},\"inLanguage\":\"de\",\"potentialAction\":[{\"@type\":\"ReadAction\",\"target\":[\"https:\/\/www.esbelt.com\/de\/impressum\/\"]}]},{\"@type\":\"BreadcrumbList\",\"@id\":\"https:\/\/www.esbelt.com\/de\/impressum\/#breadcrumb\",\"itemListElement\":[{\"@type\":\"ListItem\",\"position\":1,\"name\":\"Startseite\",\"item\":\"https:\/\/www.esbelt.com\/de\/startseite\/\"},{\"@type\":\"ListItem\",\"position\":2,\"name\":\"Impressum\"}]},{\"@type\":\"WebSite\",\"@id\":\"https:\/\/www.esbelt.com\/de\/#website\",\"url\":\"https:\/\/www.esbelt.com\/de\/\",\"name\":\"esbelt\",\"description\":\"Somos fabricantes de bandas transportadoras, perfiles, correas para aplicaciones alimentarias, industriales y agr\u00edcolas.\",\"publisher\":{\"@id\":\"https:\/\/www.esbelt.com\/de\/#organization\"},\"potentialAction\":[{\"@type\":\"SearchAction\",\"target\":{\"@type\":\"EntryPoint\",\"urlTemplate\":\"https:\/\/www.esbelt.com\/de\/?s={search_term_string}\"},\"query-input\":{\"@type\":\"PropertyValueSpecification\",\"valueRequired\":true,\"valueName\":\"search_term_string\"}}],\"inLanguage\":\"de\"},{\"@type\":\"Organization\",\"@id\":\"https:\/\/www.esbelt.com\/de\/#organization\",\"name\":\"esbelt\",\"url\":\"https:\/\/www.esbelt.com\/de\/\",\"logo\":{\"@type\":\"ImageObject\",\"inLanguage\":\"de\",\"@id\":\"https:\/\/www.esbelt.com\/de\/#\/schema\/logo\/image\/\",\"url\":\"https:\/\/www.esbelt.com\/wp-content\/uploads\/2025\/08\/esbelt.svg\",\"contentUrl\":\"https:\/\/www.esbelt.com\/wp-content\/uploads\/2025\/08\/esbelt.svg\",\"width\":123,\"height\":33,\"caption\":\"esbelt\"},\"image\":{\"@id\":\"https:\/\/www.esbelt.com\/de\/#\/schema\/logo\/image\/\"}}]}<\/script>\n<!-- \/ Yoast SEO plugin. -->","yoast_head_json":{"title":"Impressum - esbelt","robots":{"index":"index","follow":"follow","max-snippet":"max-snippet:-1","max-image-preview":"max-image-preview:large","max-video-preview":"max-video-preview:-1"},"canonical":"https:\/\/www.esbelt.com\/de\/impressum\/","og_locale":"de_DE","og_type":"article","og_title":"Impressum - esbelt","og_description":"Gem\u00e4\u00df Artikel 10 des Gesetzes 34\/2002 vom 11. Juli \u00fcber die Dienste der Informationsgesellschaft und den elektronischen Handel informieren wir Sie hiermit \u00fcber die Identifikationsdaten des Unternehmens: www.esbelt.com geh\u00f6rt zu Esbelt, S.A.U. (im Folgenden esbelt) mit der Adresse Carrer Proven\u00e7a, 385, 2\u00ba 08025 Barcelona mit der NIF A-61557641, eine Aktiengesellschaft, eingetragen im Handelsregister von Barcelona, [&hellip;]","og_url":"https:\/\/www.esbelt.com\/de\/impressum\/","og_site_name":"esbelt","article_modified_time":"2026-02-16T12:13:03+00:00","twitter_card":"summary_large_image","twitter_misc":{"Gesch\u00e4tzte Lesezeit":"3\u00a0Minuten"},"schema":{"@context":"https:\/\/schema.org","@graph":[{"@type":"WebPage","@id":"https:\/\/www.esbelt.com\/de\/impressum\/","url":"https:\/\/www.esbelt.com\/de\/impressum\/","name":"Impressum - esbelt","isPartOf":{"@id":"https:\/\/www.esbelt.com\/de\/#website"},"datePublished":"2025-09-29T09:27:26+00:00","dateModified":"2026-02-16T12:13:03+00:00","breadcrumb":{"@id":"https:\/\/www.esbelt.com\/de\/impressum\/#breadcrumb"},"inLanguage":"de","potentialAction":[{"@type":"ReadAction","target":["https:\/\/www.esbelt.com\/de\/impressum\/"]}]},{"@type":"BreadcrumbList","@id":"https:\/\/www.esbelt.com\/de\/impressum\/#breadcrumb","itemListElement":[{"@type":"ListItem","position":1,"name":"Startseite","item":"https:\/\/www.esbelt.com\/de\/startseite\/"},{"@type":"ListItem","position":2,"name":"Impressum"}]},{"@type":"WebSite","@id":"https:\/\/www.esbelt.com\/de\/#website","url":"https:\/\/www.esbelt.com\/de\/","name":"esbelt","description":"Somos fabricantes de bandas transportadoras, perfiles, correas para aplicaciones alimentarias, industriales y agr\u00edcolas.","publisher":{"@id":"https:\/\/www.esbelt.com\/de\/#organization"},"potentialAction":[{"@type":"SearchAction","target":{"@type":"EntryPoint","urlTemplate":"https:\/\/www.esbelt.com\/de\/?s={search_term_string}"},"query-input":{"@type":"PropertyValueSpecification","valueRequired":true,"valueName":"search_term_string"}}],"inLanguage":"de"},{"@type":"Organization","@id":"https:\/\/www.esbelt.com\/de\/#organization","name":"esbelt","url":"https:\/\/www.esbelt.com\/de\/","logo":{"@type":"ImageObject","inLanguage":"de","@id":"https:\/\/www.esbelt.com\/de\/#\/schema\/logo\/image\/","url":"https:\/\/www.esbelt.com\/wp-content\/uploads\/2025\/08\/esbelt.svg","contentUrl":"https:\/\/www.esbelt.com\/wp-content\/uploads\/2025\/08\/esbelt.svg","width":123,"height":33,"caption":"esbelt"},"image":{"@id":"https:\/\/www.esbelt.com\/de\/#\/schema\/logo\/image\/"}}]}},"_links":{"self":[{"href":"https:\/\/www.esbelt.com\/de\/wp-json\/wp\/v2\/pages\/5462","targetHints":{"allow":["GET"]}}],"collection":[{"href":"https:\/\/www.esbelt.com\/de\/wp-json\/wp\/v2\/pages"}],"about":[{"href":"https:\/\/www.esbelt.com\/de\/wp-json\/wp\/v2\/types\/page"}],"author":[{"embeddable":true,"href":"https:\/\/www.esbelt.com\/de\/wp-json\/wp\/v2\/users\/1"}],"replies":[{"embeddable":true,"href":"https:\/\/www.esbelt.com\/de\/wp-json\/wp\/v2\/comments?post=5462"}],"version-history":[{"count":1,"href":"https:\/\/www.esbelt.com\/de\/wp-json\/wp\/v2\/pages\/5462\/revisions"}],"predecessor-version":[{"id":5463,"href":"https:\/\/www.esbelt.com\/de\/wp-json\/wp\/v2\/pages\/5462\/revisions\/5463"}],"wp:attachment":[{"href":"https:\/\/www.esbelt.com\/de\/wp-json\/wp\/v2\/media?parent=5462"}],"curies":[{"name":"wp","href":"https:\/\/api.w.org\/{rel}","templated":true}]}}