{"id":5460,"date":"2025-09-29T11:39:44","date_gmt":"2025-09-29T09:39:44","guid":{"rendered":"https:\/\/www.esbelt.com\/qualitatspolitik\/"},"modified":"2026-02-16T13:13:01","modified_gmt":"2026-02-16T12:13:01","slug":"qualitaetsrichtlinie","status":"publish","type":"page","link":"https:\/\/www.esbelt.com\/de\/qualitaetsrichtlinie\/","title":{"rendered":"Qualit\u00e4tsrichtlinie"},"content":{"rendered":"\n<p>Im Rahmen des nachhaltigen Wachstums des Unternehmens und mit dem Ziel, weiterhin exzellente Dienstleistungen in Bezug auf Qualit\u00e4t, Preis und Lieferzeit zu erbringen, tritt Esbelt ab 2025 in eine Phase der industriellen Expansion ein. Die erste Phase dieses Projekts wird in diesem Jahr mit dem Bau einer neuen Anlage zur Erweiterung der Werkstattr\u00e4ume stattfinden. Parallel zu diesem Bau werden Investitionen in Maschinen get\u00e4tigt, um das Angebot an Werkstattdienstleistungen f\u00fcr die Kunden zu erweitern.   <\/p>\n\n<p>Im globalen Wettbewerbs- und geopolitischen Kontext sowie angesichts der steigenden Forderung nach einer Begrenzung der Verwendung von nicht wiederverwendbaren Kunststoffen besteht ein dringender Bedarf, die Effizienz zu verbessern und sich auf die Kontrolle und Reduzierung von Umweltauswirkungen zu konzentrieren.<\/p>\n\n<p>Die M\u00f6glichkeiten, die sich aus der Datenanalyse und den Entwicklungen im Bereich der k\u00fcnstlichen Intelligenz ergeben, erm\u00f6glichen nun eine intelligentere, schnellere und effizientere Steuerung zahlreicher Prozesse.<\/p>\n\n<p>Schlie\u00dflich zwingt uns die Verf\u00fcgbarkeit zahlreicher Optionen f\u00fcr Kunden in einem Umfeld, in dem unsere Hauptkonkurrenten deutlich gr\u00f6\u00dfere multinationale Unternehmen mit gr\u00f6\u00dferen Ressourcen sind, dazu, uns zu bem\u00fchen, neue Produkte auf den Markt zu bringen, unseren Kundenstamm und unser Profil zu erweitern und deren Kauferlebnis kontinuierlich zu verbessern.<\/p>\n\n<p>In diesem Zusammenhang erneuert die Qualit\u00e4tsrichtlinie von Esbelt ihr unersch\u00fctterliches Engagement, alle anwendbaren Vorschriften in Bezug auf unsere T\u00e4tigkeit sowie die kontinuierliche Verbesserung des Qualit\u00e4tsmanagementsystems einzuhalten, wobei der Schwerpunkt auf den folgenden Zielen liegt:<\/p>\n\n<ol class=\"wp-block-list\">\n<li>Erh\u00f6hung unserer industriellen Kapazit\u00e4t.<\/li>\n\n\n\n<li>Verbesserung der Umwelt, der Prozesse und der Kostensenkungen.<\/li>\n\n\n\n<li>Datenerfassung, Standardisierung und Prozessdigitalisierung.<\/li>\n\n\n\n<li>Erweiterung des Produktangebots und Erleichterung der Kundentransaktionen.<\/li>\n<\/ol>\n","protected":false},"excerpt":{"rendered":"<p>Im Rahmen des nachhaltigen Wachstums des Unternehmens und mit dem Ziel, weiterhin exzellente Dienstleistungen in Bezug auf Qualit\u00e4t, Preis und Lieferzeit zu erbringen, tritt Esbelt ab 2025 in eine Phase der industriellen Expansion ein. Die erste Phase dieses Projekts wird in diesem Jahr mit dem Bau einer neuen Anlage zur Erweiterung der Werkstattr\u00e4ume stattfinden. Parallel [&hellip;]<\/p>\n","protected":false},"author":1,"featured_media":0,"parent":0,"menu_order":7,"comment_status":"closed","ping_status":"closed","template":"","meta":{"_acf_changed":false,"inline_featured_image":false,"footnotes":""},"class_list":["post-5460","page","type-page","status-publish","hentry"],"acf":[],"yoast_head":"<!-- This site is optimized with the Yoast SEO plugin v27.0 - https:\/\/yoast.com\/product\/yoast-seo-wordpress\/ -->\n<title>Qualit\u00e4tsrichtlinie - esbelt<\/title>\n<meta name=\"robots\" content=\"index, follow, max-snippet:-1, max-image-preview:large, max-video-preview:-1\" \/>\n<link rel=\"canonical\" href=\"https:\/\/www.esbelt.com\/de\/qualitaetsrichtlinie\/\" \/>\n<meta property=\"og:locale\" content=\"de_DE\" \/>\n<meta property=\"og:type\" content=\"article\" \/>\n<meta property=\"og:title\" content=\"Qualit\u00e4tsrichtlinie - esbelt\" \/>\n<meta property=\"og:description\" content=\"Im Rahmen des nachhaltigen Wachstums des Unternehmens und mit dem Ziel, weiterhin exzellente Dienstleistungen in Bezug auf Qualit\u00e4t, Preis und Lieferzeit zu erbringen, tritt Esbelt ab 2025 in eine Phase der industriellen Expansion ein. Die erste Phase dieses Projekts wird in diesem Jahr mit dem Bau einer neuen Anlage zur Erweiterung der Werkstattr\u00e4ume stattfinden. Parallel [&hellip;]\" \/>\n<meta property=\"og:url\" content=\"https:\/\/www.esbelt.com\/de\/qualitaetsrichtlinie\/\" \/>\n<meta property=\"og:site_name\" content=\"esbelt\" \/>\n<meta property=\"article:modified_time\" content=\"2026-02-16T12:13:01+00:00\" \/>\n<meta name=\"twitter:card\" content=\"summary_large_image\" \/>\n<meta name=\"twitter:label1\" content=\"Gesch\u00e4tzte Lesezeit\" \/>\n\t<meta name=\"twitter:data1\" content=\"1\u00a0Minute\" \/>\n<script type=\"application\/ld+json\" class=\"yoast-schema-graph\">{\"@context\":\"https:\/\/schema.org\",\"@graph\":[{\"@type\":\"WebPage\",\"@id\":\"https:\/\/www.esbelt.com\/de\/qualitaetsrichtlinie\/\",\"url\":\"https:\/\/www.esbelt.com\/de\/qualitaetsrichtlinie\/\",\"name\":\"Qualit\u00e4tsrichtlinie - esbelt\",\"isPartOf\":{\"@id\":\"https:\/\/www.esbelt.com\/de\/#website\"},\"datePublished\":\"2025-09-29T09:39:44+00:00\",\"dateModified\":\"2026-02-16T12:13:01+00:00\",\"breadcrumb\":{\"@id\":\"https:\/\/www.esbelt.com\/de\/qualitaetsrichtlinie\/#breadcrumb\"},\"inLanguage\":\"de\",\"potentialAction\":[{\"@type\":\"ReadAction\",\"target\":[\"https:\/\/www.esbelt.com\/de\/qualitaetsrichtlinie\/\"]}]},{\"@type\":\"BreadcrumbList\",\"@id\":\"https:\/\/www.esbelt.com\/de\/qualitaetsrichtlinie\/#breadcrumb\",\"itemListElement\":[{\"@type\":\"ListItem\",\"position\":1,\"name\":\"Startseite\",\"item\":\"https:\/\/www.esbelt.com\/de\/startseite\/\"},{\"@type\":\"ListItem\",\"position\":2,\"name\":\"Qualit\u00e4tsrichtlinie\"}]},{\"@type\":\"WebSite\",\"@id\":\"https:\/\/www.esbelt.com\/de\/#website\",\"url\":\"https:\/\/www.esbelt.com\/de\/\",\"name\":\"esbelt\",\"description\":\"Somos fabricantes de bandas transportadoras, perfiles, correas para aplicaciones alimentarias, industriales y agr\u00edcolas.\",\"publisher\":{\"@id\":\"https:\/\/www.esbelt.com\/de\/#organization\"},\"potentialAction\":[{\"@type\":\"SearchAction\",\"target\":{\"@type\":\"EntryPoint\",\"urlTemplate\":\"https:\/\/www.esbelt.com\/de\/?s={search_term_string}\"},\"query-input\":{\"@type\":\"PropertyValueSpecification\",\"valueRequired\":true,\"valueName\":\"search_term_string\"}}],\"inLanguage\":\"de\"},{\"@type\":\"Organization\",\"@id\":\"https:\/\/www.esbelt.com\/de\/#organization\",\"name\":\"esbelt\",\"url\":\"https:\/\/www.esbelt.com\/de\/\",\"logo\":{\"@type\":\"ImageObject\",\"inLanguage\":\"de\",\"@id\":\"https:\/\/www.esbelt.com\/de\/#\/schema\/logo\/image\/\",\"url\":\"https:\/\/www.esbelt.com\/wp-content\/uploads\/2025\/08\/esbelt.svg\",\"contentUrl\":\"https:\/\/www.esbelt.com\/wp-content\/uploads\/2025\/08\/esbelt.svg\",\"width\":123,\"height\":33,\"caption\":\"esbelt\"},\"image\":{\"@id\":\"https:\/\/www.esbelt.com\/de\/#\/schema\/logo\/image\/\"}}]}<\/script>\n<!-- \/ Yoast SEO plugin. -->","yoast_head_json":{"title":"Qualit\u00e4tsrichtlinie - esbelt","robots":{"index":"index","follow":"follow","max-snippet":"max-snippet:-1","max-image-preview":"max-image-preview:large","max-video-preview":"max-video-preview:-1"},"canonical":"https:\/\/www.esbelt.com\/de\/qualitaetsrichtlinie\/","og_locale":"de_DE","og_type":"article","og_title":"Qualit\u00e4tsrichtlinie - esbelt","og_description":"Im Rahmen des nachhaltigen Wachstums des Unternehmens und mit dem Ziel, weiterhin exzellente Dienstleistungen in Bezug auf Qualit\u00e4t, Preis und Lieferzeit zu erbringen, tritt Esbelt ab 2025 in eine Phase der industriellen Expansion ein. Die erste Phase dieses Projekts wird in diesem Jahr mit dem Bau einer neuen Anlage zur Erweiterung der Werkstattr\u00e4ume stattfinden. Parallel [&hellip;]","og_url":"https:\/\/www.esbelt.com\/de\/qualitaetsrichtlinie\/","og_site_name":"esbelt","article_modified_time":"2026-02-16T12:13:01+00:00","twitter_card":"summary_large_image","twitter_misc":{"Gesch\u00e4tzte Lesezeit":"1\u00a0Minute"},"schema":{"@context":"https:\/\/schema.org","@graph":[{"@type":"WebPage","@id":"https:\/\/www.esbelt.com\/de\/qualitaetsrichtlinie\/","url":"https:\/\/www.esbelt.com\/de\/qualitaetsrichtlinie\/","name":"Qualit\u00e4tsrichtlinie - esbelt","isPartOf":{"@id":"https:\/\/www.esbelt.com\/de\/#website"},"datePublished":"2025-09-29T09:39:44+00:00","dateModified":"2026-02-16T12:13:01+00:00","breadcrumb":{"@id":"https:\/\/www.esbelt.com\/de\/qualitaetsrichtlinie\/#breadcrumb"},"inLanguage":"de","potentialAction":[{"@type":"ReadAction","target":["https:\/\/www.esbelt.com\/de\/qualitaetsrichtlinie\/"]}]},{"@type":"BreadcrumbList","@id":"https:\/\/www.esbelt.com\/de\/qualitaetsrichtlinie\/#breadcrumb","itemListElement":[{"@type":"ListItem","position":1,"name":"Startseite","item":"https:\/\/www.esbelt.com\/de\/startseite\/"},{"@type":"ListItem","position":2,"name":"Qualit\u00e4tsrichtlinie"}]},{"@type":"WebSite","@id":"https:\/\/www.esbelt.com\/de\/#website","url":"https:\/\/www.esbelt.com\/de\/","name":"esbelt","description":"Somos fabricantes de bandas transportadoras, perfiles, correas para aplicaciones alimentarias, industriales y agr\u00edcolas.","publisher":{"@id":"https:\/\/www.esbelt.com\/de\/#organization"},"potentialAction":[{"@type":"SearchAction","target":{"@type":"EntryPoint","urlTemplate":"https:\/\/www.esbelt.com\/de\/?s={search_term_string}"},"query-input":{"@type":"PropertyValueSpecification","valueRequired":true,"valueName":"search_term_string"}}],"inLanguage":"de"},{"@type":"Organization","@id":"https:\/\/www.esbelt.com\/de\/#organization","name":"esbelt","url":"https:\/\/www.esbelt.com\/de\/","logo":{"@type":"ImageObject","inLanguage":"de","@id":"https:\/\/www.esbelt.com\/de\/#\/schema\/logo\/image\/","url":"https:\/\/www.esbelt.com\/wp-content\/uploads\/2025\/08\/esbelt.svg","contentUrl":"https:\/\/www.esbelt.com\/wp-content\/uploads\/2025\/08\/esbelt.svg","width":123,"height":33,"caption":"esbelt"},"image":{"@id":"https:\/\/www.esbelt.com\/de\/#\/schema\/logo\/image\/"}}]}},"_links":{"self":[{"href":"https:\/\/www.esbelt.com\/de\/wp-json\/wp\/v2\/pages\/5460","targetHints":{"allow":["GET"]}}],"collection":[{"href":"https:\/\/www.esbelt.com\/de\/wp-json\/wp\/v2\/pages"}],"about":[{"href":"https:\/\/www.esbelt.com\/de\/wp-json\/wp\/v2\/types\/page"}],"author":[{"embeddable":true,"href":"https:\/\/www.esbelt.com\/de\/wp-json\/wp\/v2\/users\/1"}],"replies":[{"embeddable":true,"href":"https:\/\/www.esbelt.com\/de\/wp-json\/wp\/v2\/comments?post=5460"}],"version-history":[{"count":5,"href":"https:\/\/www.esbelt.com\/de\/wp-json\/wp\/v2\/pages\/5460\/revisions"}],"predecessor-version":[{"id":5467,"href":"https:\/\/www.esbelt.com\/de\/wp-json\/wp\/v2\/pages\/5460\/revisions\/5467"}],"wp:attachment":[{"href":"https:\/\/www.esbelt.com\/de\/wp-json\/wp\/v2\/media?parent=5460"}],"curies":[{"name":"wp","href":"https:\/\/api.w.org\/{rel}","templated":true}]}}